{"id":5591,"date":"2025-11-23T19:09:00","date_gmt":"2025-11-23T18:09:00","guid":{"rendered":"https:\/\/habitable-cove.eu\/skills-hub\/micro-credentials-certification-centre\/"},"modified":"2025-11-24T12:43:16","modified_gmt":"2025-11-24T11:43:16","slug":"micro-credentials-certification-centre","status":"publish","type":"page","link":"https:\/\/habitable-cove.eu\/de\/skills-hub\/micro-credentials-certification-centre\/","title":{"rendered":"Zentrum f\u00fcr die Zertifizierung von Mikro-Zertifikaten"},"content":{"rendered":"\t\t<div data-elementor-type=\"wp-page\" data-elementor-id=\"5591\" class=\"elementor elementor-5591 elementor-5523\">\n\t\t\t\t<div class=\"elementor-element elementor-element-6128d62 e-flex e-con-boxed wpr-particle-no wpr-jarallax-no wpr-parallax-no wpr-sticky-section-no wpr-equal-height-no e-con e-parent\" data-id=\"6128d62\" data-element_type=\"container\" data-e-type=\"container\" data-settings=\"{&quot;background_background&quot;:&quot;classic&quot;}\">\n\t\t\t\t\t<div class=\"e-con-inner\">\n\t\t<div class=\"elementor-element elementor-element-46bcf6b e-con-full e-flex wpr-particle-no wpr-jarallax-no wpr-parallax-no wpr-sticky-section-no wpr-equal-height-no e-con e-child\" data-id=\"46bcf6b\" data-element_type=\"container\" data-e-type=\"container\">\n\t\t\t\t<div class=\"elementor-element elementor-element-9d8c917 elementor-view-default elementor-widget elementor-widget-icon\" data-id=\"9d8c917\" data-element_type=\"widget\" data-e-type=\"widget\" data-widget_type=\"icon.default\">\n\t\t\t\t<div class=\"elementor-widget-container\">\n\t\t\t\t\t\t\t<div class=\"elementor-icon-wrapper\">\n\t\t\t<div class=\"elementor-icon\">\n\t\t\t<svg xmlns=\"http:\/\/www.w3.org\/2000\/svg\" xmlns:xlink=\"http:\/\/www.w3.org\/1999\/xlink\" id=\"Capa_1\" x=\"0px\" y=\"0px\" width=\"204.44px\" height=\"170.44px\" viewBox=\"0 0 204.44 170.44\" xml:space=\"preserve\"><path fill=\"#FFFFFF\" d=\"M131.54,55.6c0.14-0.21,0.22-0.54,0.22-0.75V30.07c0-3.54,2.88-6.33,6.42-6.33h0.2 c3.54,0,6.42,2.79,6.42,6.33v27.24c0,1.82-0.49,3.65-1.42,5.26l-12.62,21.67l2.95,1.29l12.46-21.35c1.22-2.04,1.86-4.51,1.86-6.87 V30.07c0-5.26-4.33-9.65-9.65-9.65h-0.2c-5.32,0-9.65,4.4-9.65,9.65v24.35l-14.11,24.35c1.16,0.11,2.31,0.21,3.44,0.43\"><\/path><path fill=\"#FFFFFF\" d=\"M59.36,30.5v24.35c0,0.21,0.08,0.54,0.22,0.75l13.61,23.6c1.15-0.32,2.31-0.43,3.49-0.43L62.59,54.42V30.5 c0-1.93-0.61-3.86-1.73-5.47l-2.33,2.36C59.07,28.35,59.36,29.42,59.36,30.5\"><\/path><path fill=\"#FFFFFF\" d=\"M47.74,62.46c-0.93-1.61-1.42-3.43-1.42-5.26v-17.7l-3.23,3.22v14.48c0,2.47,0.64,4.83,1.86,6.97 l12.41,21.35l2.95-1.29\"><\/path><path fill=\"#FFFFFF\" d=\"M169.49,88.85l-10.66,18.02c-3.42,4.08-9.13,5.36-13.97,3.11l-0.9-0.43v3.54c1.9,0.75,3.91,1.18,5.89,1.18 c4.37,0,8.64-1.93,11.55-5.47c0.05,0,0.1-0.11,0.14-0.21l10.81-18.24\"><\/path><path fill=\"#FFFFFF\" d=\"M105.64,81.98h7.24c3.32,0,6.49,0.75,9.42,2.25c0.05,0,0.09,0,0.14,0l5.67,2.36l21.18,9.76 c0.77,0.32,1.67,0,2.09-0.75l7.05-12.66l-2.86-1.5l-6.29,11.26l-15.59-7.19l-2.95-1.29l-1.33-0.64c-0.03,0-0.05,0-0.08,0l-5.64-2.25 c-1.84-0.97-3.82-1.61-5.86-2.15c-1.13-0.21-2.28-0.32-3.45-0.43c-0.51,0-1.02-0.11-1.53-0.11h-6.9v0.64 C105.99,80.27,105.86,81.13,105.64,81.98\"><\/path><path fill=\"#FFFFFF\" d=\"M45.96,109.98c-4.82,2.25-10.54,0.96-13.95-3.11l-8.8-14.91l9.1-9.12l7.14,12.77 c0.41,0.75,1.32,1.07,2.08,0.75l21.88-9.98l4.79-2.15c0.03,0,0.06,0,0.09,0c2.93-1.5,6.1-2.25,9.43-2.25h7.76 c-0.22-0.86-0.35-1.72-0.35-2.68v-0.64h-7.41c-0.35,0-0.69,0.11-1.04,0.11c-1.17,0-2.34,0.11-3.49,0.43 c-2.2,0.43-4.35,1.07-6.34,2.15l-4.76,2.04l-1.78,0.86l-2.95,1.29l-15.82,7.19l-6.91-12.34L22.67,92.39 c-0.62,0.54-1.35,1.07-2.14,1.39l8.77,14.8c0.04,0.11,0.09,0.21,0.14,0.21c4.3,5.26,11.56,6.97,17.72,4.18v-3.65\"><\/path><path fill=\"#FFFFFF\" d=\"M166.98,73.08c1.76-0.21,3.45,0.32,4.76,1.39c1.01,0.86,1.72,1.93,2.08,3.11l3.5,1.82 c0-2.9-1.25-5.58-3.53-7.4c-1.99-1.72-4.55-2.36-7.18-2.15c-1.58,0.21-3.05,0.75-4.34,1.61l3.56,1.82 C166.2,73.19,166.59,73.19,166.98,73.08\"><\/path><path fill=\"#FFFFFF\" d=\"M85.48,81.98c1.17,4.4,5.24,7.72,10.08,7.72c4.84,0,8.92-3.32,10.08-7.72c0.22-0.86,0.35-1.72,0.35-2.68 v-0.64V70.4c-1.02,0.54-2.1,0.97-3.23,1.18v7.72c0,3.97-3.23,7.19-7.2,7.19c-3.97,0-7.2-3.22-7.2-7.19v-7.72 c-1.13-0.32-2.2-0.75-3.23-1.18v8.26v0.64C85.13,80.27,85.26,81.13,85.48,81.98\"><\/path><path fill=\"#FFFFFF\" d=\"M169.49,88.85l2.86,1.5l13.01,6.76c0.18,0.11,0.38,0.21,0.59,0.21l11.49,1.18c0.05,0,0.11,0,0.16,0 c0.6,0,1.14-0.32,1.42-0.86c0.31-0.64,0.23-1.29-0.18-1.82l-7.42-8.9c-0.13-0.11-0.3-0.21-0.49-0.32l-13.63-7.19l-3.5-1.82 l-7.99-4.18l-3.56-1.93l-3.07-1.61l-5.59-2.9c-0.96-0.54-2.05-0.64-3.08-0.32c-1.03,0.32-1.88,0.97-2.38,1.93l-1.81,3.43 c-1.04,2.04-0.28,4.51,1.7,5.47l7.55,3.97l2.86,1.5 M149.53,74.69c-0.4-0.21-0.55-0.75-0.34-1.18l1.81-3.43 c0.14-0.21,0.36-0.32,0.48-0.32c0.12-0.11,0.36-0.11,0.62,0l37.05,19.52l4.69,5.58l-7.25-0.75L149.53,74.69z\"><\/path><path fill=\"#FFFFFF\" d=\"M143.96,103.44c0-2.47-1.95-4.4-4.34-4.4H51.5c-2.39,0-4.34,1.93-4.34,4.4v5.9v3.65V156h3.23v-52.56 c0-0.64,0.5-1.18,1.11-1.18h88.13c0.61,0,1.11,0.54,1.11,1.18V156h3.23v-42.91v-3.54\"><\/path><path fill=\"#FFFFFF\" d=\"M50.38,156h-3.23h-1.32c-0.89,0-1.61,0.75-1.61,1.61c0,5.36,4.37,9.76,9.75,9.76h82.57 c5.38,0,9.75-4.4,9.75-9.76c0-0.86-0.73-1.61-1.61-1.61h-0.72h-3.23 M136.55,164.15H53.97c-3.04,0-5.6-2.15-6.32-4.93h95.22 C142.15,162,139.59,164.15,136.55,164.15\"><\/path><path fill=\"#FFFFFF\" d=\"M34.63,80.37l4.23-4.18c1.16-1.18,1.81-2.79,1.81-4.4s-0.64-3.22-1.81-4.4l-6.86-6.87 c-2.4-2.36-6.32-2.36-8.72,0l-16.2,16.2c-1.16,1.18-1.81,2.79-1.81,4.4s0.64,3.22,1.81,4.4l6.86,6.87c1.16,1.18,2.71,1.82,4.36,1.82 c0.77,0,1.52-0.21,2.22-0.43c0.79-0.32,1.52-0.86,2.14-1.39 M20.38,90.03c-0.56,0.64-1.29,0.86-2.08,0.86 c-0.78,0-1.53-0.21-2.08-0.86l-6.86-6.86c-0.55-0.54-0.86-1.29-0.86-2.04s0.31-1.5,0.86-2.04l16.2-16.2 c0.57-0.64,1.32-0.86,2.08-0.86s1.51,0.21,2.08,0.86l6.86,6.87c0.55,0.54,0.86,1.29,0.86,2.04c0,0.75-0.31,1.5-0.86,2.04 L20.38,90.03z\"><\/path><path fill=\"#FFFFFF\" d=\"M58.52,27.39l2.33-2.36l2.39-2.36c1.45-1.5,1.45-3.86,0-5.36L49.47,3.57c-1.45-1.39-3.82-1.39-5.27,0 L39.9,7.86l2.28,2.25l4.29-4.29c0.2-0.11,0.51-0.11,0.71,0l13.77,13.84c0.2,0.21,0.2,0.54,0,0.64l-23.2,23.28 c-0.12,0.11-0.26,0.11-0.35,0.11c-0.09,0-0.23,0-0.35-0.11L23.28,29.74c-0.2-0.21-0.2-0.54,0-0.64l4.05-4.08l-2.28-2.25L21,26.74 c-1.45,1.5-1.45,3.86,0,5.26l13.77,13.84c0.7,0.64,1.64,1.07,2.64,1.07c1,0,1.93-0.43,2.63-1.07l3.05-3.11l3.23-3.22\"><\/path><polygon fill=\"#FFFFFF\" points=\"33.62,18.7 31.34,16.44 27.33,20.41 29.61,22.77 \"><\/polygon><polygon fill=\"#FFFFFF\" points=\"39.9,12.48 37.62,10.12 33.61,14.19 35.9,16.44 \"><\/polygon><path fill=\"#FFFFFF\" d=\"M41.71,14.19c0.31,0.32,0.73,0.54,1.14,0.54c0.41,0,0.82-0.21,1.14-0.54c0.63-0.54,0.63-1.61,0-2.25 l-1.8-1.82L39.9,7.86l-1.27-1.29c-0.63-0.64-1.66-0.64-2.28,0c-0.63,0.64-0.63,1.72,0,2.36l1.27,1.18l2.28,2.36\"><\/path><path fill=\"#FFFFFF\" d=\"M35.42,20.52c0.32,0.32,0.73,0.43,1.14,0.43c0.41,0,0.82-0.11,1.14-0.43c0.63-0.64,0.63-1.61,0-2.25 l-1.8-1.82l-2.28-2.25l-1.26-1.29c-0.63-0.64-1.65-0.64-2.28,0c-0.63,0.64-0.63,1.61,0,2.25l1.26,1.29l2.28,2.25\"><\/path><path fill=\"#FFFFFF\" d=\"M29.14,26.85c0.31,0.32,0.72,0.43,1.14,0.43c0.41,0,0.83-0.11,1.14-0.43c0.63-0.64,0.63-1.72,0-2.36 l-1.8-1.72l-2.28-2.36l-1.27-1.18c-0.63-0.64-1.65-0.64-2.28,0c-0.63,0.54-0.63,1.61,0,2.25l1.27,1.29l2.28,2.25\"><\/path><path fill=\"#FFFFFF\" d=\"M73.72,38V27.81c0-4.18,2-7.4,5.36-8.69c0.54,0,1.06-0.21,1.39-0.64c0.39-0.54,0.43-1.18,0.11-1.82 c-0.37-0.54-0.63-1.29-0.8-1.93h24.66c7.21,0,13.09,5.9,13.09,13.09v10.3c1.28,0.64,2.38,1.61,3.23,2.79V27.81 c0-9.01-7.32-16.3-16.31-16.3H77.98c-0.89,0-1.61,0.75-1.61,1.61c0,1.18,0.2,2.36,0.59,3.43c-4.03,1.93-6.47,6.11-6.47,11.26v12.87 C71.34,39.61,72.44,38.65,73.72,38\"><\/path><path fill=\"#FFFFFF\" d=\"M92.55,72.11h6.13c1.41,0,2.78-0.21,4.08-0.54c1.13-0.21,2.2-0.64,3.23-1.18c5.42-2.68,9.16-8.26,9.16-14.7 v-0.54c4.18-0.86,7.36-4.61,7.36-9.01c0-1.93-0.65-3.75-1.75-5.26c-0.84-1.18-1.95-2.15-3.23-2.79c-0.74-0.32-1.54-0.64-2.38-0.86 v-0.54c0-9.01-7.39-16.41-16.47-16.41h-6.13c-9.08,0-16.47,7.4-16.47,16.41v0.54c-0.83,0.21-1.63,0.43-2.36,0.75 c-1.27,0.64-2.38,1.61-3.23,2.68c-1.17,1.5-1.87,3.43-1.87,5.47c0,4.5,3.23,8.26,7.46,9.01v0.54c0,6.33,3.69,11.91,9.05,14.7 c1.02,0.43,2.1,0.86,3.23,1.18C89.7,71.9,91.1,72.11,92.55,72.11 M79.31,55.7v-2.04c0-0.86-0.72-1.61-1.61-1.61 c-3.23,0-5.85-2.57-5.85-5.9c0-3.22,2.62-5.79,5.85-5.79c0.89,0,1.61-0.75,1.61-1.61v-2.04c0-7.29,5.94-13.19,13.24-13.19h6.13 c7.3,0,13.24,5.9,13.24,13.19v2.04c0,0.86,0.71,1.61,1.59,1.61c3.18,0,5.77,2.68,5.77,5.79c0,3.22-2.59,5.9-5.77,5.9 c-0.88,0-1.59,0.75-1.59,1.61v2.04c0,7.29-5.94,13.19-13.24,13.19h-6.13C85.25,68.9,79.31,63,79.31,55.7\"><\/path><\/svg>\t\t\t<\/div>\n\t\t<\/div>\n\t\t\t\t\t\t<\/div>\n\t\t\t\t<\/div>\n\t\t\t\t<div class=\"elementor-element elementor-element-fdb2684 elementor-widget elementor-widget-heading\" data-id=\"fdb2684\" data-element_type=\"widget\" data-e-type=\"widget\" data-widget_type=\"heading.default\">\n\t\t\t\t<div class=\"elementor-widget-container\">\n\t\t\t\t\t<h2 class=\"elementor-heading-title elementor-size-default\">Kompetenzzentrum\n<\/h2>\t\t\t\t<\/div>\n\t\t\t\t<\/div>\n\t\t\t\t<\/div>\n\t\t\t\t<div class=\"elementor-element elementor-element-49ca025 elementor-widget-divider--view-line elementor-widget elementor-widget-divider\" data-id=\"49ca025\" data-element_type=\"widget\" data-e-type=\"widget\" data-widget_type=\"divider.default\">\n\t\t\t\t<div class=\"elementor-widget-container\">\n\t\t\t\t\t\t\t<div class=\"elementor-divider\">\n\t\t\t<span class=\"elementor-divider-separator\">\n\t\t\t\t\t\t<\/span>\n\t\t<\/div>\n\t\t\t\t\t\t<\/div>\n\t\t\t\t<\/div>\n\t\t\t\t<div class=\"elementor-element elementor-element-23d5552 elementor-widget elementor-widget-heading\" data-id=\"23d5552\" data-element_type=\"widget\" data-e-type=\"widget\" data-widget_type=\"heading.default\">\n\t\t\t\t<div class=\"elementor-widget-container\">\n\t\t\t\t\t<h2 class=\"elementor-heading-title elementor-size-default\">Zentrum f\u00fcr die Zertifizierung von Mikro-Zertifikaten\n<\/h2>\t\t\t\t<\/div>\n\t\t\t\t<\/div>\n\t\t\t\t\t<\/div>\n\t\t\t\t<\/div>\n\t\t<div class=\"elementor-element elementor-element-b8b86c7 e-flex e-con-boxed wpr-particle-no wpr-jarallax-no wpr-parallax-no wpr-sticky-section-no wpr-equal-height-no e-con e-parent\" data-id=\"b8b86c7\" data-element_type=\"container\" data-e-type=\"container\">\n\t\t\t\t\t<div class=\"e-con-inner\">\n\t\t<div class=\"elementor-element elementor-element-a69b97a e-con-full e-flex wpr-particle-no wpr-jarallax-no wpr-parallax-no wpr-sticky-section-no wpr-equal-height-no e-con e-child\" data-id=\"a69b97a\" data-element_type=\"container\" data-e-type=\"container\">\n\t\t\t\t<div class=\"elementor-element elementor-element-1b4f907 elementor-widget elementor-widget-text-editor\" data-id=\"1b4f907\" data-element_type=\"widget\" data-e-type=\"widget\" data-widget_type=\"text-editor.default\">\n\t\t\t\t<div class=\"elementor-widget-container\">\n\t\t\t\t\t\t\t\t\t<p>Diese zukunftsorientierte digitale Plattform erm\u00f6glicht die Zertifizierung und Validierung kurzfristiger Lernerfahrungen sowie zuvor erworbener Kompetenzen im Habitat-Sektor. Das Micro-credentials Certification Centre (MIC), das sowohl f\u00fcr VET-Trainer*innen, Lernende als auch f\u00fcr Mitarbeitende von KMU konzipiert ist, verwaltet die Vergabe von Zertifikaten von der Anmeldung bis zur Anerkennung und unterst\u00fctzt dabei Portabilit\u00e4t, Transparenz und lebenslanges Lernen.<\/p>\t\t\t\t\t\t\t\t<\/div>\n\t\t\t\t<\/div>\n\t\t\t\t<div class=\"elementor-element elementor-element-7e57766 elementor-icon-list--layout-traditional elementor-list-item-link-full_width elementor-widget elementor-widget-icon-list\" data-id=\"7e57766\" data-element_type=\"widget\" data-e-type=\"widget\" data-widget_type=\"icon-list.default\">\n\t\t\t\t<div class=\"elementor-widget-container\">\n\t\t\t\t\t\t\t<ul class=\"elementor-icon-list-items\">\n\t\t\t\t\t\t\t<li class=\"elementor-icon-list-item\">\n\t\t\t\t\t\t\t\t\t\t\t<span class=\"elementor-icon-list-icon\">\n\t\t\t\t\t\t\t<svg aria-hidden=\"true\" class=\"e-font-icon-svg e-fas-circle\" viewBox=\"0 0 512 512\" xmlns=\"http:\/\/www.w3.org\/2000\/svg\"><path d=\"M256 8C119 8 8 119 8 256s111 248 248 248 248-111 248-248S393 8 256 8z\"><\/path><\/svg>\t\t\t\t\t\t<\/span>\n\t\t\t\t\t\t\t\t\t\t<span class=\"elementor-icon-list-text\">Mikrozertifikate werden in umfassendere Bildungs- und Ausbildungswege integriert, wodurch Modularisierung, Flexibilit\u00e4t und Reaktionsf\u00e4higkeit auf sich entwickelnde Sektoranfordernisse gest\u00e4rkt werden, insbesondere im Kontext der digitalen und gr\u00fcnen Transformationen.<\/span>\n\t\t\t\t\t\t\t\t\t<\/li>\n\t\t\t\t\t\t\t\t<li class=\"elementor-icon-list-item\">\n\t\t\t\t\t\t\t\t\t\t\t<span class=\"elementor-icon-list-icon\">\n\t\t\t\t\t\t\t<svg aria-hidden=\"true\" class=\"e-font-icon-svg e-fas-circle\" viewBox=\"0 0 512 512\" xmlns=\"http:\/\/www.w3.org\/2000\/svg\"><path d=\"M256 8C119 8 8 119 8 256s111 248 248 248 248-111 248-248S393 8 256 8z\"><\/path><\/svg>\t\t\t\t\t\t<\/span>\n\t\t\t\t\t\t\t\t\t\t<span class=\"elementor-icon-list-text\">Der MIC-Dienst umfasst Funktionen zur Verifizierung, Authentifizierung und Nachverfolgung, die es Einzelpersonen und Organisationen erm\u00f6glichen, den Fortschritt von Kompetenzen abzubilden, zuvor erworbenes Wissen anzuerkennen und Leistungen auf eine nachvollziehbare Weise darzustellen.<\/span>\n\t\t\t\t\t\t\t\t\t<\/li>\n\t\t\t\t\t\t\t\t<li class=\"elementor-icon-list-item\">\n\t\t\t\t\t\t\t\t\t\t\t<span class=\"elementor-icon-list-icon\">\n\t\t\t\t\t\t\t<svg aria-hidden=\"true\" class=\"e-font-icon-svg e-fas-circle\" viewBox=\"0 0 512 512\" xmlns=\"http:\/\/www.w3.org\/2000\/svg\"><path d=\"M256 8C119 8 8 119 8 256s111 248 248 248 248-111 248-248S393 8 256 8z\"><\/path><\/svg>\t\t\t\t\t\t<\/span>\n\t\t\t\t\t\t\t\t\t\t<span class=\"elementor-icon-list-text\">Indem es die Kompetenzaufwertung und -anpassung \u00fcber gezielte Mikrozertifikatswege unterst\u00fctzt, positioniert sich das Zentrum als wichtiger Treiber f\u00fcr die Anpassungsf\u00e4higkeit der Arbeitskr\u00e4fte und die inklusive berufliche Weiterentwicklung im \u00dcbergang zu gr\u00fcnen und digitalen Rollen im Habitat-Sektor.<\/span>\n\t\t\t\t\t\t\t\t\t<\/li>\n\t\t\t\t\t\t<\/ul>\n\t\t\t\t\t\t<\/div>\n\t\t\t\t<\/div>\n\t\t\t\t<div class=\"elementor-element elementor-element-60547a5 elementor-widget elementor-widget-button\" data-id=\"60547a5\" data-element_type=\"widget\" data-e-type=\"widget\" data-widget_type=\"button.default\">\n\t\t\t\t<div class=\"elementor-widget-container\">\n\t\t\t\t\t\t\t\t\t<div class=\"elementor-button-wrapper\">\n\t\t\t\t\t<a class=\"elementor-button elementor-button-link elementor-size-sm\" href=\"#\">\n\t\t\t\t\t\t<span class=\"elementor-button-content-wrapper\">\n\t\t\t\t\t\t\t\t\t<span class=\"elementor-button-text\">Ab April 2026 verf\u00fcgbar<\/span>\n\t\t\t\t\t<\/span>\n\t\t\t\t\t<\/a>\n\t\t\t\t<\/div>\n\t\t\t\t\t\t\t\t<\/div>\n\t\t\t\t<\/div>\n\t\t\t\t<\/div>\n\t\t<div class=\"elementor-element elementor-element-fcbb6c0 e-con-full e-flex wpr-particle-no wpr-jarallax-no wpr-parallax-no wpr-sticky-section-no wpr-equal-height-no e-con e-child\" data-id=\"fcbb6c0\" data-element_type=\"container\" data-e-type=\"container\">\n\t\t\t\t<\/div>\n\t\t\t\t\t<\/div>\n\t\t\t\t<\/div>\n\t\t\t\t<\/div>\n\t\t","protected":false},"excerpt":{"rendered":"<p>Kompetenzzentrum Zentrum f\u00fcr die Zertifizierung von Mikro-Zertifikaten Diese zukunftsorientierte digitale Plattform erm\u00f6glicht die Zertifizierung und Validierung kurzfristiger Lernerfahrungen sowie zuvor erworbener Kompetenzen im Habitat-Sektor. Das Micro-credentials Certification Centre (MIC), das sowohl f\u00fcr VET-Trainer*innen, Lernende als auch f\u00fcr Mitarbeitende von KMU konzipiert ist, verwaltet die Vergabe von Zertifikaten von der Anmeldung bis zur Anerkennung und unterst\u00fctzt dabei Portabilit\u00e4t, Transparenz und lebenslanges Lernen. Mikrozertifikate werden in umfassendere Bildungs- und Ausbildungswege integriert, wodurch Modularisierung, Flexibilit\u00e4t und Reaktionsf\u00e4higkeit auf sich entwickelnde Sektoranfordernisse gest\u00e4rkt werden, insbesondere im Kontext der digitalen und gr\u00fcnen Transformationen. Der MIC-Dienst umfasst Funktionen zur Verifizierung, Authentifizierung und Nachverfolgung, die es Einzelpersonen und Organisationen erm\u00f6glichen, den Fortschritt von Kompetenzen abzubilden, zuvor erworbenes Wissen anzuerkennen und Leistungen auf eine nachvollziehbare Weise darzustellen. Indem es die Kompetenzaufwertung und -anpassung \u00fcber gezielte Mikrozertifikatswege unterst\u00fctzt, positioniert sich das Zentrum als wichtiger Treiber f\u00fcr die Anpassungsf\u00e4higkeit der Arbeitskr\u00e4fte und die inklusive berufliche Weiterentwicklung im \u00dcbergang zu gr\u00fcnen und digitalen Rollen im Habitat-Sektor. Ab April 2026 verf\u00fcgbar<\/p>\n","protected":false},"author":1,"featured_media":0,"parent":3452,"menu_order":0,"comment_status":"closed","ping_status":"closed","template":"elementor_header_footer","meta":{"_acf_changed":false,"footnotes":""},"class_list":["post-5591","page","type-page","status-publish","hentry"],"acf":[],"yoast_head":"<!-- This site is optimized with the Yoast SEO plugin v27.4 - https:\/\/yoast.com\/product\/yoast-seo-wordpress\/ -->\n<title>Zentrum f\u00fcr die Zertifizierung von Mikro-Zertifikaten - HABITABLE COVE PROJECT<\/title>\n<meta name=\"description\" content=\"Explore the Habitable project&#039;s sector map of jobs and skills, a digital tool linking career opportunities with vocational education and training programs to enhance workforce development in the Habitat sector.\" \/>\n<meta name=\"robots\" content=\"index, follow, max-snippet:-1, max-image-preview:large, max-video-preview:-1\" \/>\n<link rel=\"canonical\" href=\"https:\/\/habitable-cove.eu\/de\/skills-hub\/micro-credentials-certification-centre\/\" \/>\n<meta property=\"og:locale\" content=\"de_DE\" \/>\n<meta property=\"og:type\" content=\"article\" \/>\n<meta property=\"og:title\" content=\"Zentrum f\u00fcr die Zertifizierung von Mikro-Zertifikaten - HABITABLE COVE PROJECT\" \/>\n<meta property=\"og:description\" content=\"Explore the Habitable project&#039;s sector map of jobs and skills, a digital tool linking career opportunities with vocational education and training programs to enhance workforce development in the Habitat sector.\" \/>\n<meta property=\"og:url\" content=\"https:\/\/habitable-cove.eu\/de\/skills-hub\/micro-credentials-certification-centre\/\" \/>\n<meta property=\"og:site_name\" content=\"HABITABLE COVE PROJECT\" \/>\n<meta property=\"article:publisher\" content=\"https:\/\/www.facebook.com\/people\/Habitable-EU-Project\/61558478221535\/\" \/>\n<meta property=\"article:modified_time\" content=\"2025-11-24T11:43:16+00:00\" \/>\n<meta name=\"twitter:card\" content=\"summary_large_image\" \/>\n<meta name=\"twitter:site\" content=\"@habitable_cove\" \/>\n<meta name=\"twitter:label1\" content=\"Gesch\u00e4tzte Lesezeit\" \/>\n\t<meta name=\"twitter:data1\" content=\"1\u00a0Minute\" \/>\n<script type=\"application\/ld+json\" class=\"yoast-schema-graph\">{\"@context\":\"https:\\\/\\\/schema.org\",\"@graph\":[{\"@type\":\"WebPage\",\"@id\":\"https:\\\/\\\/habitable-cove.eu\\\/de\\\/skills-hub\\\/micro-credentials-certification-centre\\\/\",\"url\":\"https:\\\/\\\/habitable-cove.eu\\\/de\\\/skills-hub\\\/micro-credentials-certification-centre\\\/\",\"name\":\"Zentrum f\u00fcr die Zertifizierung von Mikro-Zertifikaten - HABITABLE COVE PROJECT\",\"isPartOf\":{\"@id\":\"https:\\\/\\\/habitable-cove.eu\\\/#website\"},\"datePublished\":\"2025-11-23T18:09:00+00:00\",\"dateModified\":\"2025-11-24T11:43:16+00:00\",\"description\":\"Explore the Habitable project's sector map of jobs and skills, a digital tool linking career opportunities with vocational education and training programs to enhance workforce development in the Habitat sector.\",\"breadcrumb\":{\"@id\":\"https:\\\/\\\/habitable-cove.eu\\\/de\\\/skills-hub\\\/micro-credentials-certification-centre\\\/#breadcrumb\"},\"inLanguage\":\"de\",\"potentialAction\":[{\"@type\":\"ReadAction\",\"target\":[\"https:\\\/\\\/habitable-cove.eu\\\/de\\\/skills-hub\\\/micro-credentials-certification-centre\\\/\"]}]},{\"@type\":\"BreadcrumbList\",\"@id\":\"https:\\\/\\\/habitable-cove.eu\\\/de\\\/skills-hub\\\/micro-credentials-certification-centre\\\/#breadcrumb\",\"itemListElement\":[{\"@type\":\"ListItem\",\"position\":1,\"name\":\"Startseite\",\"item\":\"https:\\\/\\\/habitable-cove.eu\\\/de\\\/\"},{\"@type\":\"ListItem\",\"position\":2,\"name\":\"Skills hub\",\"item\":\"https:\\\/\\\/habitable-cove.eu\\\/de\\\/skills-hub\\\/\"},{\"@type\":\"ListItem\",\"position\":3,\"name\":\"Zentrum f\u00fcr die Zertifizierung von Mikro-Zertifikaten\"}]},{\"@type\":\"WebSite\",\"@id\":\"https:\\\/\\\/habitable-cove.eu\\\/#website\",\"url\":\"https:\\\/\\\/habitable-cove.eu\\\/\",\"name\":\"HABITABLE\",\"description\":\"Alliance of Centers of Excellence in Vocational Training for a Sustainable Habitat\",\"publisher\":{\"@id\":\"https:\\\/\\\/habitable-cove.eu\\\/#organization\"},\"potentialAction\":[{\"@type\":\"SearchAction\",\"target\":{\"@type\":\"EntryPoint\",\"urlTemplate\":\"https:\\\/\\\/habitable-cove.eu\\\/?s={search_term_string}\"},\"query-input\":{\"@type\":\"PropertyValueSpecification\",\"valueRequired\":true,\"valueName\":\"search_term_string\"}}],\"inLanguage\":\"de\"},{\"@type\":\"Organization\",\"@id\":\"https:\\\/\\\/habitable-cove.eu\\\/#organization\",\"name\":\"HABITABLE\",\"url\":\"https:\\\/\\\/habitable-cove.eu\\\/\",\"logo\":{\"@type\":\"ImageObject\",\"inLanguage\":\"de\",\"@id\":\"https:\\\/\\\/habitable-cove.eu\\\/#\\\/schema\\\/logo\\\/image\\\/\",\"url\":\"https:\\\/\\\/habitable-cove.eu\\\/wp-content\\\/uploads\\\/2023\\\/11\\\/top-logo.svg\",\"contentUrl\":\"https:\\\/\\\/habitable-cove.eu\\\/wp-content\\\/uploads\\\/2023\\\/11\\\/top-logo.svg\",\"width\":600,\"height\":245,\"caption\":\"HABITABLE\"},\"image\":{\"@id\":\"https:\\\/\\\/habitable-cove.eu\\\/#\\\/schema\\\/logo\\\/image\\\/\"},\"sameAs\":[\"https:\\\/\\\/www.facebook.com\\\/people\\\/Habitable-EU-Project\\\/61558478221535\\\/\",\"https:\\\/\\\/x.com\\\/habitable_cove\",\"https:\\\/\\\/www.instagram.com\\\/habitable_cove\\\/\",\"https:\\\/\\\/www.linkedin.com\\\/company\\\/habitable-cove\\\/\",\"https:\\\/\\\/www.youtube.com\\\/channel\\\/UC-C8eeKC4JuNPSbw0KSMeHw\"]}]}<\/script>\n<!-- \/ Yoast SEO plugin. -->","yoast_head_json":{"title":"Zentrum f\u00fcr die Zertifizierung von Mikro-Zertifikaten - HABITABLE COVE PROJECT","description":"Explore the Habitable project's sector map of jobs and skills, a digital tool linking career opportunities with vocational education and training programs to enhance workforce development in the Habitat sector.","robots":{"index":"index","follow":"follow","max-snippet":"max-snippet:-1","max-image-preview":"max-image-preview:large","max-video-preview":"max-video-preview:-1"},"canonical":"https:\/\/habitable-cove.eu\/de\/skills-hub\/micro-credentials-certification-centre\/","og_locale":"de_DE","og_type":"article","og_title":"Zentrum f\u00fcr die Zertifizierung von Mikro-Zertifikaten - HABITABLE COVE PROJECT","og_description":"Explore the Habitable project's sector map of jobs and skills, a digital tool linking career opportunities with vocational education and training programs to enhance workforce development in the Habitat sector.","og_url":"https:\/\/habitable-cove.eu\/de\/skills-hub\/micro-credentials-certification-centre\/","og_site_name":"HABITABLE COVE PROJECT","article_publisher":"https:\/\/www.facebook.com\/people\/Habitable-EU-Project\/61558478221535\/","article_modified_time":"2025-11-24T11:43:16+00:00","twitter_card":"summary_large_image","twitter_site":"@habitable_cove","twitter_misc":{"Gesch\u00e4tzte Lesezeit":"1\u00a0Minute"},"schema":{"@context":"https:\/\/schema.org","@graph":[{"@type":"WebPage","@id":"https:\/\/habitable-cove.eu\/de\/skills-hub\/micro-credentials-certification-centre\/","url":"https:\/\/habitable-cove.eu\/de\/skills-hub\/micro-credentials-certification-centre\/","name":"Zentrum f\u00fcr die Zertifizierung von Mikro-Zertifikaten - HABITABLE COVE PROJECT","isPartOf":{"@id":"https:\/\/habitable-cove.eu\/#website"},"datePublished":"2025-11-23T18:09:00+00:00","dateModified":"2025-11-24T11:43:16+00:00","description":"Explore the Habitable project's sector map of jobs and skills, a digital tool linking career opportunities with vocational education and training programs to enhance workforce development in the Habitat sector.","breadcrumb":{"@id":"https:\/\/habitable-cove.eu\/de\/skills-hub\/micro-credentials-certification-centre\/#breadcrumb"},"inLanguage":"de","potentialAction":[{"@type":"ReadAction","target":["https:\/\/habitable-cove.eu\/de\/skills-hub\/micro-credentials-certification-centre\/"]}]},{"@type":"BreadcrumbList","@id":"https:\/\/habitable-cove.eu\/de\/skills-hub\/micro-credentials-certification-centre\/#breadcrumb","itemListElement":[{"@type":"ListItem","position":1,"name":"Startseite","item":"https:\/\/habitable-cove.eu\/de\/"},{"@type":"ListItem","position":2,"name":"Skills hub","item":"https:\/\/habitable-cove.eu\/de\/skills-hub\/"},{"@type":"ListItem","position":3,"name":"Zentrum f\u00fcr die Zertifizierung von Mikro-Zertifikaten"}]},{"@type":"WebSite","@id":"https:\/\/habitable-cove.eu\/#website","url":"https:\/\/habitable-cove.eu\/","name":"HABITABLE","description":"Alliance of Centers of Excellence in Vocational Training for a Sustainable Habitat","publisher":{"@id":"https:\/\/habitable-cove.eu\/#organization"},"potentialAction":[{"@type":"SearchAction","target":{"@type":"EntryPoint","urlTemplate":"https:\/\/habitable-cove.eu\/?s={search_term_string}"},"query-input":{"@type":"PropertyValueSpecification","valueRequired":true,"valueName":"search_term_string"}}],"inLanguage":"de"},{"@type":"Organization","@id":"https:\/\/habitable-cove.eu\/#organization","name":"HABITABLE","url":"https:\/\/habitable-cove.eu\/","logo":{"@type":"ImageObject","inLanguage":"de","@id":"https:\/\/habitable-cove.eu\/#\/schema\/logo\/image\/","url":"https:\/\/habitable-cove.eu\/wp-content\/uploads\/2023\/11\/top-logo.svg","contentUrl":"https:\/\/habitable-cove.eu\/wp-content\/uploads\/2023\/11\/top-logo.svg","width":600,"height":245,"caption":"HABITABLE"},"image":{"@id":"https:\/\/habitable-cove.eu\/#\/schema\/logo\/image\/"},"sameAs":["https:\/\/www.facebook.com\/people\/Habitable-EU-Project\/61558478221535\/","https:\/\/x.com\/habitable_cove","https:\/\/www.instagram.com\/habitable_cove\/","https:\/\/www.linkedin.com\/company\/habitable-cove\/","https:\/\/www.youtube.com\/channel\/UC-C8eeKC4JuNPSbw0KSMeHw"]}]}},"_links":{"self":[{"href":"https:\/\/habitable-cove.eu\/de\/wp-json\/wp\/v2\/pages\/5591","targetHints":{"allow":["GET"]}}],"collection":[{"href":"https:\/\/habitable-cove.eu\/de\/wp-json\/wp\/v2\/pages"}],"about":[{"href":"https:\/\/habitable-cove.eu\/de\/wp-json\/wp\/v2\/types\/page"}],"author":[{"embeddable":true,"href":"https:\/\/habitable-cove.eu\/de\/wp-json\/wp\/v2\/users\/1"}],"replies":[{"embeddable":true,"href":"https:\/\/habitable-cove.eu\/de\/wp-json\/wp\/v2\/comments?post=5591"}],"version-history":[{"count":4,"href":"https:\/\/habitable-cove.eu\/de\/wp-json\/wp\/v2\/pages\/5591\/revisions"}],"predecessor-version":[{"id":5625,"href":"https:\/\/habitable-cove.eu\/de\/wp-json\/wp\/v2\/pages\/5591\/revisions\/5625"}],"up":[{"embeddable":true,"href":"https:\/\/habitable-cove.eu\/de\/wp-json\/wp\/v2\/pages\/3452"}],"wp:attachment":[{"href":"https:\/\/habitable-cove.eu\/de\/wp-json\/wp\/v2\/media?parent=5591"}],"curies":[{"name":"wp","href":"https:\/\/api.w.org\/{rel}","templated":true}]}}